{"id":22,"date":"2018-04-23T20:08:32","date_gmt":"2018-04-23T20:08:32","guid":{"rendered":"http:\/\/cheval-shiatsu-merki.ch\/?page_id=22"},"modified":"2019-02-28T20:03:26","modified_gmt":"2019-02-28T20:03:26","slug":"quest-ce-que-le-shiatsu","status":"publish","type":"page","link":"https:\/\/cheval-shiatsu-merki.ch\/?page_id=22","title":{"rendered":"Qu&rsquo;est-ce que le shiatsu?"},"content":{"rendered":"<p>Il s&rsquo;agit d&rsquo;une th\u00e9rapie manuelle issue de la m\u00e9decine traditionnelle chinoise. En recourant \u00e0 des pressions avec les doigts le long des m\u00e9ridiens et des points d&rsquo;acupuncture, on obtient un r\u00e9\u00e9quilibrage physique et \u00e9motionnel. Les m\u00e9ridiens correspondent \u00e0 des voies de transit de l&rsquo;\u00e9nergie.<\/p>\n<p><img loading=\"lazy\" class=\"alignnone wp-image-165 size-large\" src=\"http:\/\/cheval-shiatsu-merki.ch\/wp-content\/uploads\/2018\/05\/me\u0301ridiens-1024x724.jpg\" alt=\"\" width=\"525\" height=\"371\" srcset=\"https:\/\/cheval-shiatsu-merki.ch\/wp-content\/uploads\/2018\/05\/me\u0301ridiens-1024x724.jpg 1024w, https:\/\/cheval-shiatsu-merki.ch\/wp-content\/uploads\/2018\/05\/me\u0301ridiens-300x212.jpg 300w, https:\/\/cheval-shiatsu-merki.ch\/wp-content\/uploads\/2018\/05\/me\u0301ridiens-768x543.jpg 768w, https:\/\/cheval-shiatsu-merki.ch\/wp-content\/uploads\/2018\/05\/me\u0301ridiens.jpg 1752w\" sizes=\"(max-width: 525px) 100vw, 525px\" \/><\/p>\n<p>Le shiatsu vise ainsi \u00e0 r\u00e9tablir la libre circulation de cette \u00e9nergie dans le corps.<\/p>\n<p>Id\u00e9alement, le shiatsu est utilis\u00e9 en pr\u00e9ventif lors des changements de saison.<\/p>\n<p>Enfin, il permet \u00e9galement le traitement de certaines pathologies, comme par exemple:<\/p>\n<ul>\n<li style=\"list-style-type: none;\">\n<ul>\n<li>probl\u00e8mes li\u00e9s \u00e0 la digestion (ulc\u00e8res, diarrh\u00e9e)<\/li>\n<li>probl\u00e8mes de peau<\/li>\n<li>toux<\/li>\n<li>emphys\u00e8me<\/li>\n<li>boiteries<\/li>\n<li>engorgements<\/li>\n<li>probl\u00e8mes gyn\u00e9cologiques<\/li>\n<li>gestion du stress<\/li>\n<\/ul>\n<\/li>\n<\/ul>\n","protected":false},"excerpt":{"rendered":"<p>Il s&rsquo;agit d&rsquo;une th\u00e9rapie manuelle issue de la m\u00e9decine traditionnelle chinoise. En recourant \u00e0 des pressions avec les doigts le long des m\u00e9ridiens et des points d&rsquo;acupuncture, on obtient un r\u00e9\u00e9quilibrage physique et \u00e9motionnel. Les m\u00e9ridiens correspondent \u00e0 des voies de transit de l&rsquo;\u00e9nergie. Le shiatsu vise ainsi \u00e0 r\u00e9tablir la libre circulation de cette &hellip; <\/p>\n<p class=\"link-more\"><a href=\"https:\/\/cheval-shiatsu-merki.ch\/?page_id=22\" class=\"more-link\">Continuer la lecture<span class=\"screen-reader-text\"> de &laquo;&nbsp;Qu&rsquo;est-ce que le shiatsu?&nbsp;&raquo;<\/span><\/a><\/p>\n","protected":false},"author":1,"featured_media":0,"parent":0,"menu_order":0,"comment_status":"closed","ping_status":"closed","template":"","meta":[],"_links":{"self":[{"href":"https:\/\/cheval-shiatsu-merki.ch\/index.php?rest_route=\/wp\/v2\/pages\/22"}],"collection":[{"href":"https:\/\/cheval-shiatsu-merki.ch\/index.php?rest_route=\/wp\/v2\/pages"}],"about":[{"href":"https:\/\/cheval-shiatsu-merki.ch\/index.php?rest_route=\/wp\/v2\/types\/page"}],"author":[{"embeddable":true,"href":"https:\/\/cheval-shiatsu-merki.ch\/index.php?rest_route=\/wp\/v2\/users\/1"}],"replies":[{"embeddable":true,"href":"https:\/\/cheval-shiatsu-merki.ch\/index.php?rest_route=%2Fwp%2Fv2%2Fcomments&post=22"}],"version-history":[{"count":10,"href":"https:\/\/cheval-shiatsu-merki.ch\/index.php?rest_route=\/wp\/v2\/pages\/22\/revisions"}],"predecessor-version":[{"id":174,"href":"https:\/\/cheval-shiatsu-merki.ch\/index.php?rest_route=\/wp\/v2\/pages\/22\/revisions\/174"}],"wp:attachment":[{"href":"https:\/\/cheval-shiatsu-merki.ch\/index.php?rest_route=%2Fwp%2Fv2%2Fmedia&parent=22"}],"curies":[{"name":"wp","href":"https:\/\/api.w.org\/{rel}","templated":true}]}}