{"id":88,"date":"2018-04-28T18:55:19","date_gmt":"2018-04-28T18:55:19","guid":{"rendered":"http:\/\/cheval-shiatsu-merki.ch\/?page_id=88"},"modified":"2023-01-08T10:10:28","modified_gmt":"2023-01-08T10:10:28","slug":"tarifs","status":"publish","type":"page","link":"https:\/\/cheval-shiatsu-merki.ch\/?page_id=88","title":{"rendered":"Tarifs"},"content":{"rendered":"\n<div class=\"wp-block-columns\">\n<div class=\"wp-block-column\" style=\"flex-basis:100%\">\n<div class=\"wp-block-group\"><div class=\"wp-block-group__inner-container\">\n<div class=\"wp-block-columns\">\n<div class=\"wp-block-column\" style=\"flex-basis:100%\"><\/div>\n<\/div>\n<\/div><\/div>\n<\/div>\n<\/div>\n\n\n<p><img loading=\"lazy\" class=\"alignnone size-medium wp-image-135 aligncenter\" src=\"http:\/\/cheval-shiatsu-merki.ch\/wp-content\/uploads\/2018\/05\/D.Roulet_shiatsu_118-petit-300x200.jpg\" alt=\"\" width=\"300\" height=\"200\" srcset=\"https:\/\/cheval-shiatsu-merki.ch\/wp-content\/uploads\/2018\/05\/D.Roulet_shiatsu_118-petit-300x200.jpg 300w, https:\/\/cheval-shiatsu-merki.ch\/wp-content\/uploads\/2018\/05\/D.Roulet_shiatsu_118-petit-768x511.jpg 768w, https:\/\/cheval-shiatsu-merki.ch\/wp-content\/uploads\/2018\/05\/D.Roulet_shiatsu_118-petit-1024x681.jpg 1024w\" sizes=\"(max-width: 300px) 100vw, 300px\" \/><\/p>\n<h2 style=\"text-align: center;\"><span style=\"color: #99ccff;\"><em><strong>Tarifs<br \/><\/strong><\/em><\/span><\/h2>\n<p style=\"text-align: center;\">100.- la s\u00e9ance (chevaux)<\/p>\n<p style=\"text-align: center;\">D\u00e9placements dans le canton de Fribourg et Vaud.<\/p>\n<p style=\"text-align: center;\">Pour d&rsquo;autres r\u00e9gions, me contacter.<\/p>\n<p style=\"text-align: center;\">60.- la s\u00e9ance pour chien, \u00e0 mon domicile<\/p>\n<p>\u00a0<\/p>","protected":false},"excerpt":{"rendered":"<p>Tarifs 100.- la s\u00e9ance (chevaux) D\u00e9placements dans le canton de Fribourg et Vaud. Pour d&rsquo;autres r\u00e9gions, me contacter. 60.- la s\u00e9ance pour chien, \u00e0 mon domicile \u00a0<\/p>\n","protected":false},"author":1,"featured_media":0,"parent":0,"menu_order":0,"comment_status":"closed","ping_status":"closed","template":"","meta":[],"_links":{"self":[{"href":"https:\/\/cheval-shiatsu-merki.ch\/index.php?rest_route=\/wp\/v2\/pages\/88"}],"collection":[{"href":"https:\/\/cheval-shiatsu-merki.ch\/index.php?rest_route=\/wp\/v2\/pages"}],"about":[{"href":"https:\/\/cheval-shiatsu-merki.ch\/index.php?rest_route=\/wp\/v2\/types\/page"}],"author":[{"embeddable":true,"href":"https:\/\/cheval-shiatsu-merki.ch\/index.php?rest_route=\/wp\/v2\/users\/1"}],"replies":[{"embeddable":true,"href":"https:\/\/cheval-shiatsu-merki.ch\/index.php?rest_route=%2Fwp%2Fv2%2Fcomments&post=88"}],"version-history":[{"count":9,"href":"https:\/\/cheval-shiatsu-merki.ch\/index.php?rest_route=\/wp\/v2\/pages\/88\/revisions"}],"predecessor-version":[{"id":204,"href":"https:\/\/cheval-shiatsu-merki.ch\/index.php?rest_route=\/wp\/v2\/pages\/88\/revisions\/204"}],"wp:attachment":[{"href":"https:\/\/cheval-shiatsu-merki.ch\/index.php?rest_route=%2Fwp%2Fv2%2Fmedia&parent=88"}],"curies":[{"name":"wp","href":"https:\/\/api.w.org\/{rel}","templated":true}]}}